{"id":32,"date":"2011-10-12T17:45:03","date_gmt":"2011-10-12T17:45:03","guid":{"rendered":"http:\/\/www.mosdj.net\/djlatino\/?page_id=32"},"modified":"2014-10-28T20:23:05","modified_gmt":"2014-10-29T00:23:05","slug":"fotografia","status":"publish","type":"page","link":"http:\/\/www.mosdj.net\/djlatino\/fotografia\/","title":{"rendered":"Fotografia"},"content":{"rendered":"<div class=\"et_pb_section et_section_regular\">\r\n\t\t\t\r\n\t\t\t\r\n\t\t\t\t\r\n\t\t\t\t<div class=\"et_pb_row\">\r\n\t\t\t<div class=\"et_pb_column et_pb_column_4_4\">\r\n\t\t\t<div class=\"et_pb_text et_pb_bg_layout_light et_pb_text_align_left\">\r\n\t\t\t\n<p style=\"text-align: left;\"><div class='et-box et-shadow'>\r\n\t\t\t\t\t<div class='et-box-content'>Ofrecemos un enfoque art\u00edstico e innovador a la fotograf\u00eda. Nuestro personal est\u00e1 deseoso por capturar las emociones y momentos especiales que traen recuerdos duraderos. Nuestros dise\u00f1adores aportan un nivel de experiencia unico e inigualable y son apasionados reinventando el arte de la fotograf\u00eda<\/div><\/div> <!--more--><\/p>\n<p style=\"text-align: left;\">Cada dise\u00f1o es tan individual y \u00fanico como es usted. MOsDJ proyecta la historia de ese d\u00eda tan especial a trav\u00e9s de im\u00e1genes encantadoras. Con nuestro conocimiento y experiencia, los preciosos recuerdos de su evento durar\u00e1 toda la vida.<\/p>\n<h2 style=\"text-align: center;\"><\/h2>\n<h2 style=\"text-align: center;\"><div class='et-box et-shadow'>\r\n\t\t\t\t\t<div class='et-box-content'>Paquetes de Fotografia<\/div><\/div><\/h2>\n<p>&nbsp;<\/p>\n\r\n\t\t<\/div> <!-- .et_pb_text --><div class=\"et_pb_tabs\">\r\n\t\t\t<ul class=\"et_pb_tabs_controls clearfix\">\r\n\t\t\t\t<li class=\"et_pb_tab_active\"><a href=\"#\">Paquete Standard<\/a><\/li><li><a href=\"#\">Paquete Plata<\/a><\/li><li><a href=\"#\">Paquete Oro<\/a><\/li>\r\n\t\t\t<\/ul>\r\n\t\t\t<div class=\"et_pb_all_tabs\">\r\n\t\t\t\t<div class=\"et_pb_tab clearfix et_pb_active_content\">\r\n\t\t\t\r\n\t\t<div class='et_slidecontent'>\r\n\t\t\tHasta 6 horas de cobertura \r\n\t\t<div class='et_slidecontent'>\r\n\t\t\t\r\n\t\t<\/div> 1 Fotografo profesional\r\n\t\t<div class='et_slidecontent'>\r\n\t\t\t\r\n\t\t<\/div>Estilos tradicionales, artisticos y periodistico \r\n\t\t<div class='et_slidecontent'>\r\n\t\t\t\r\n\t\t<\/div>DVD de alta resolucion con derechos de reproduccion\r\n\t\t<div class='et_slidecontent'>\r\n\t\t\t\r\n\t\t<\/div>Album de fotos 8\u00d710 (20 paginas) con\/25-45 imagenes digitales imprimidas en las paginas\r\n\t\t<div class='et_slidecontent'>\r\n\t\t\t\r\n\t\t<\/div>Una foto imprimida en 8\u00d710 \r\n\t\t<div class='et_slidecontent'>\r\n\t\t\t\r\n\t\t<\/div>Almacenamiento de pruebas gratis en nuestros servidores (Oferta limitada)\r\n\t\t<\/div>\r\n\t\t<\/div> <!-- .et_pb_tab --><div class=\"et_pb_tab clearfix\">\r\n\t\t\t\n\r\n\t\t<div class='et_slidecontent'>\r\n\t\t\tHasta 7 horas de cobertura \r\n\t\t<div class='et_slidecontent'>\r\n\t\t\t\r\n\t\t<\/div> 1 Fotografo profesional\r\n\t\t<div class='et_slidecontent'>\r\n\t\t\t\r\n\t\t<\/div>Estilos tradicionales, artisticos y periodistico \r\n\t\t<div class='et_slidecontent'>\r\n\t\t\t\r\n\t\t<\/div>DVD de alta resolucion con derechos de reproduccion \r\n\t\t<div class='et_slidecontent'>\r\n\t\t\t\r\n\t\t<\/div>*Album de fotos 8\u00d710 de leather (30 paginas) con\/35-65 imagenes digitales imprimidas en las paginas\r\n\t\t<div class='et_slidecontent'>\r\n\t\t\t\r\n\t\t<\/div>Album para los padres (5\u00d75) con replicas digitales \r\n\t\t<div class='et_slidecontent'>\r\n\t\t\t\r\n\t\t<\/div>Una foto imprimida en 11\u00d714 \r\n\t\t<div class='et_slidecontent'>\r\n\t\t\t\r\n\t\t<\/div>Acceso a ordenes por web \r\n\t\t<div class='et_slidecontent'>\r\n\t\t\t\r\n\t\t<\/div>Almacenamiento de pruebas gratis en nuestros servidores (Oferta limitada)\r\n\t\t<\/div>\n\r\n\t\t<\/div> <!-- .et_pb_tab --><div class=\"et_pb_tab clearfix\">\r\n\t\t\t\n\r\n\t\t<div class='et_slidecontent'>\r\n\t\t\tCobertura de todo el dia \r\n\t\t<div class='et_slidecontent'>\r\n\t\t\t\r\n\t\t<\/div> 2 Fotografos profesionales \r\n\t\t<div class='et_slidecontent'>\r\n\t\t\t\r\n\t\t<\/div>Estilos tradicionales, artisticos y periodistico \r\n\t\t<div class='et_slidecontent'>\r\n\t\t\t\r\n\t\t<\/div>Libro de pruebas 8&#215;8\r\n\t\t<div class='et_slidecontent'>\r\n\t\t\t\r\n\t\t<\/div>DVD de alta resolucion con derechos de reproduccion (Imagenes sin limites) \r\n\t\t<div class='et_slidecontent'>\r\n\t\t\t\r\n\t\t<\/div>Album de fotos 10\u00d710 de leather (40 paginas) con\/50-100 imagenes digitales imprimidas en las paginas y foto de portada\r\n\t\t<div class='et_slidecontent'>\r\n\t\t\t\r\n\t\t<\/div>2 Albums para los padres 8\u00d78 replica \r\n\t\t<div class='et_slidecontent'>\r\n\t\t\t\r\n\t\t<\/div>Una foto imprimida en 11\u00d714 \r\n\t\t<div class='et_slidecontent'>\r\n\t\t\t\r\n\t\t<\/div>2 fotos imprimidas en\u00a08\u00d710 \r\n\t\t<div class='et_slidecontent'>\r\n\t\t\t\r\n\t\t<\/div>Acceso a ordenes por web \r\n\t\t<div class='et_slidecontent'>\r\n\t\t\t\r\n\t\t<\/div>Almacenamiento de pruebas gratis en nuestros servidores (Oferta limitada)\r\n\t\t<\/div>\n\r\n\t\t<\/div> <!-- .et_pb_tab -->\r\n\t\t\t<\/div> <!-- .et_pb_all_tabs -->\r\n\t\t<\/div> <!-- .et_pb_tabs -->\r\n\t\t<\/div> <!-- .et_pb_column -->\r\n\t\t<\/div> <!-- .et_pb_row -->\r\n\t\t\t\r\n\t\t<\/div> <!-- .et_pb_section -->\n","protected":false},"excerpt":{"rendered":"","protected":false},"author":1,"featured_media":0,"parent":0,"menu_order":0,"comment_status":"open","ping_status":"open","template":"","meta":{"ngg_post_thumbnail":0,"jetpack_post_was_ever_published":false,"footnotes":""},"class_list":["post-32","page","type-page","status-publish","hentry"],"jetpack_shortlink":"https:\/\/wp.me\/P2f6bT-w","jetpack_sharing_enabled":true,"_links":{"self":[{"href":"http:\/\/www.mosdj.net\/djlatino\/wp-json\/wp\/v2\/pages\/32","targetHints":{"allow":["GET"]}}],"collection":[{"href":"http:\/\/www.mosdj.net\/djlatino\/wp-json\/wp\/v2\/pages"}],"about":[{"href":"http:\/\/www.mosdj.net\/djlatino\/wp-json\/wp\/v2\/types\/page"}],"author":[{"embeddable":true,"href":"http:\/\/www.mosdj.net\/djlatino\/wp-json\/wp\/v2\/users\/1"}],"replies":[{"embeddable":true,"href":"http:\/\/www.mosdj.net\/djlatino\/wp-json\/wp\/v2\/comments?post=32"}],"version-history":[{"count":11,"href":"http:\/\/www.mosdj.net\/djlatino\/wp-json\/wp\/v2\/pages\/32\/revisions"}],"predecessor-version":[{"id":353,"href":"http:\/\/www.mosdj.net\/djlatino\/wp-json\/wp\/v2\/pages\/32\/revisions\/353"}],"wp:attachment":[{"href":"http:\/\/www.mosdj.net\/djlatino\/wp-json\/wp\/v2\/media?parent=32"}],"curies":[{"name":"wp","href":"https:\/\/api.w.org\/{rel}","templated":true}]}}