{"id":302,"date":"2014-10-27T21:23:56","date_gmt":"2014-10-28T01:23:56","guid":{"rendered":"http:\/\/www.mosdj.net\/djlatino\/?page_id=302"},"modified":"2014-10-27T23:10:48","modified_gmt":"2014-10-28T03:10:48","slug":"latin-dj-home","status":"publish","type":"page","link":"https:\/\/www.mosdj.net\/djlatino\/","title":{"rendered":"Latin DJ home"},"content":{"rendered":"<div class=\"et_pb_section et_section_regular\" style='background-color:#313f55;'>\r\n\t\t\t\r\n\t\t\t\r\n\t\t\t\t\r\n\t\t\t\t<div class=\"et_pb_row\">\r\n\t\t\t<div class=\"et_pb_column et_pb_column_1_3\">\r\n\t\t\t<div class=\"et_pb_blurb et_pb_bg_layout_dark et_pb_text_align_center et_pb_blurb_position_top\">\r\n\t\t\t<div class=\"et_pb_blurb_content\">\r\n\t\t\t\t\r\n\t\t\t\t<h4><a href=\"http:\/\/www.mosdj.net\/djlatino\/\">Disc Jockey<\/a><\/h4>\r\n\t\t\t\t\n<p><a href=\"http:\/\/www.mosdj.net\/djlatino\/\">Nuestro objetivo principal es hacer que su imaginada celebraci\u00f3n se convierta en realidad. Queremos que usted y sus invitados queden completamente satisfechos y disfruten de su evento al m\u00e1ximo<\/a><\/p>\n\r\n\t\t\t<\/div> <!-- .et_pb_blurb_content -->\r\n\t\t<\/div> <!-- .et_pb_blurb -->\r\n\t\t<\/div> <!-- .et_pb_column --><div class=\"et_pb_column et_pb_column_1_3\">\r\n\t\t\t<div class=\"et_pb_blurb et_pb_bg_layout_dark et_pb_text_align_center et_pb_blurb_position_top\">\r\n\t\t\t<div class=\"et_pb_blurb_content\">\r\n\t\t\t\t\r\n\t\t\t\t<h4><a href=\"http:\/\/www.mosdj.net\/djlatino\/fotografia\/\">Fotografia<\/a><\/h4>\r\n\t\t\t\t\n<p><a href=\"http:\/\/www.mosdj.net\/djlatino\/fotografia\/\">Ofrecemos un enfoque art\u00edstico e innovador a la fotograf\u00eda. Nuestro personal est\u00e1 deseoso por capturar las emociones y momentos especiales que traen recuerdos duraderos. Nuestros dise\u00f1adores aportan un nivel de experiencia unico e inigualable y son apasionados reinventando el arte de la fotograf\u00eda<\/a><\/p>\n\r\n\t\t\t<\/div> <!-- .et_pb_blurb_content -->\r\n\t\t<\/div> <!-- .et_pb_blurb -->\r\n\t\t<\/div> <!-- .et_pb_column --><div class=\"et_pb_column et_pb_column_1_3\">\r\n\t\t\t<div class=\"et_pb_blurb et_pb_bg_layout_dark et_pb_text_align_center et_pb_blurb_position_top\">\r\n\t\t\t<div class=\"et_pb_blurb_content\">\r\n\t\t\t\t\r\n\t\t\t\t<h4><a href=\"http:\/\/www.mosdj.net\/djlatino\/videografia\/\">Videografia<\/a><\/h4>\r\n\t\t\t\t\n<p><a href=\"http:\/\/www.mosdj.net\/djlatino\/videografia\/\">Capture los momentos de su celebraci\u00f3n especial en v\u00eddeo y reviva los una y otra vez. La mayor\u00eda de las personas pueden atestar que su celebraci\u00f3n, ya sea una boda, quinceanera, cumplea\u00f1os o reuni\u00f3n especial, puede ser facilmente olvidada con el pasar de los a\u00f1os. Por esta raz\u00f3n, podemos filmar su evento y capturar todos los moment m\u00e1gicos a un precio razonable<\/a><\/p>\n\r\n\t\t\t<\/div> <!-- .et_pb_blurb_content -->\r\n\t\t<\/div> <!-- .et_pb_blurb -->\r\n\t\t<\/div> <!-- .et_pb_column -->\r\n\t\t<\/div> <!-- .et_pb_row -->\r\n\t\t\t\r\n\t\t<\/div> <!-- .et_pb_section -->\n","protected":false},"excerpt":{"rendered":"","protected":false},"author":1,"featured_media":0,"parent":0,"menu_order":0,"comment_status":"open","ping_status":"open","template":"","meta":{"ngg_post_thumbnail":0,"jetpack_post_was_ever_published":false,"footnotes":""},"class_list":["post-302","page","type-page","status-publish","hentry"],"jetpack_shortlink":"https:\/\/wp.me\/P2f6bT-4S","jetpack_sharing_enabled":true,"_links":{"self":[{"href":"https:\/\/www.mosdj.net\/djlatino\/wp-json\/wp\/v2\/pages\/302","targetHints":{"allow":["GET"]}}],"collection":[{"href":"https:\/\/www.mosdj.net\/djlatino\/wp-json\/wp\/v2\/pages"}],"about":[{"href":"https:\/\/www.mosdj.net\/djlatino\/wp-json\/wp\/v2\/types\/page"}],"author":[{"embeddable":true,"href":"https:\/\/www.mosdj.net\/djlatino\/wp-json\/wp\/v2\/users\/1"}],"replies":[{"embeddable":true,"href":"https:\/\/www.mosdj.net\/djlatino\/wp-json\/wp\/v2\/comments?post=302"}],"version-history":[{"count":33,"href":"https:\/\/www.mosdj.net\/djlatino\/wp-json\/wp\/v2\/pages\/302\/revisions"}],"predecessor-version":[{"id":358,"href":"https:\/\/www.mosdj.net\/djlatino\/wp-json\/wp\/v2\/pages\/302\/revisions\/358"}],"wp:attachment":[{"href":"https:\/\/www.mosdj.net\/djlatino\/wp-json\/wp\/v2\/media?parent=302"}],"curies":[{"name":"wp","href":"https:\/\/api.w.org\/{rel}","templated":true}]}}