{"id":4,"date":"2011-10-12T00:30:54","date_gmt":"2011-10-12T00:30:54","guid":{"rendered":"http:\/\/www.mosdj.net\/djlatino\/?page_id=4"},"modified":"2014-10-28T20:11:13","modified_gmt":"2014-10-29T00:11:13","slug":"disk-jockey","status":"publish","type":"page","link":"https:\/\/www.mosdj.net\/djlatino\/disk-jockey\/","title":{"rendered":"Disc Jockey"},"content":{"rendered":"<div class=\"et_pb_section et_section_regular\">\r\n\t\t\t\r\n\t\t\t\r\n\t\t\t\t\r\n\t\t\t\t<div class=\"et_pb_row\">\r\n\t\t\t<div class=\"et_pb_column et_pb_column_4_4\">\r\n\t\t\t<div class=\"et_pb_text et_pb_bg_layout_light et_pb_text_align_left\">\r\n\t\t\t\n<div class='et-box et-shadow'>\r\n\t\t\t\t\t<div class='et-box-content'>Nuestro objetivo principal es hacer que su imaginada celebraci\u00f3n se convierta en realidad. Queremos que usted y sus invitados queden completamente satisfechos y disfruten de su evento al m\u00e1ximo<\/div><\/div><!--more--><\/p>\n<p>Al seleccionar uno de nuestros paquetes usted tendr\u00e1 la opci\u00f3n de:<\/p>\n<p>* Una demostraci\u00f3n en vivo<br \/>\n* Un personal profesional que llevara a cabo la funcion de DJ \/ MC<br \/>\n* Planificaci\u00f3n y asistencia con todos los paquetes<br \/>\n* Selecci\u00f3n de m\u00fasica personalizada seg\u00fan sus preferencias<br \/>\n* Herramientas para que el cliente personalize su evento<\/p>\n<p>&nbsp;<\/p>\n<h2 style=\"text-align: center;\"><div class='et-box et-shadow'>\r\n\t\t\t\t\t<div class='et-box-content'>Paquetes de Disc Jockey<\/div><\/div><\/h2>\n\r\n\t\t<\/div> <!-- .et_pb_text --><div class=\"et_pb_tabs\">\r\n\t\t\t<ul class=\"et_pb_tabs_controls clearfix\">\r\n\t\t\t\t<li class=\"et_pb_tab_active\"><a href=\"#\">Paquete Standard<\/a><\/li><li><a href=\"#\">Paquete Plata<\/a><\/li><li><a href=\"#\">Paquete Oro<\/a><\/li><li><a href=\"#\">Paquete Platino<\/a><\/li><li><a href=\"#\">Paquete Prima<\/a><\/li><li><a href=\"#\">Paquete Ultimo<\/a><\/li>\r\n\t\t\t<\/ul>\r\n\t\t\t<div class=\"et_pb_all_tabs\">\r\n\t\t\t\t<div class=\"et_pb_tab clearfix et_pb_active_content\">\r\n\t\t\t\n\r\n\t\t<div class='et_slidecontent'>\r\n\t\t\tDisc Jockey (con seguro y licencia) \r\n\t\t<div class='et_slidecontent'>\r\n\t\t\t\r\n\t\t<\/div>Planificacion y asistencia personalizada \r\n\t\t<div class='et_slidecontent'>\r\n\t\t\t\r\n\t\t<\/div>4 horas de entretenimiento corrido \r\n\t\t<div class='et_slidecontent'>\r\n\t\t\t\r\n\t\t<\/div>Lo ultimo en la technologia audiovisual\r\n\t\t<div class='et_slidecontent'>\r\n\t\t\t\r\n\t\t<\/div> Fascinante cabina de Disc Jockey\r\n\t\t<\/div>\n\r\n\t\t<\/div> <!-- .et_pb_tab --><div class=\"et_pb_tab clearfix\">\r\n\t\t\t\n<p>Disc Jockey \/ Maestro de Ceremonia (con seguro y licencia) \r\n\t\t<div class='et_slidecontent'>\r\n\t\t\tPlanificacion y asistencia personalizada \r\n\t\t<div class='et_slidecontent'>\r\n\t\t\t\r\n\t\t<\/div>4 horas de entretenimiento corrido \r\n\t\t<div class='et_slidecontent'>\r\n\t\t\t\r\n\t\t<\/div>Lo ultimo en la technologia audiovisual\r\n\t\t<div class='et_slidecontent'>\r\n\t\t\t\r\n\t\t<\/div> Fascinante cabina de Disc Jockey\r\n\t\t<div class='et_slidecontent'>\r\n\t\t\t\r\n\t\t<\/div>Elegante luces de fiestas con effecto \r\n\t\t<div class='et_slidecontent'>\r\n\t\t\t\r\n\t\t<\/div>Sistema de torre de iluminacion Y cargo de luz\r\n\t\t<\/div>\n\r\n\t\t<\/div> <!-- .et_pb_tab --><div class=\"et_pb_tab clearfix\">\r\n\t\t\t\n\r\n\t\t<div class='et_slidecontent'>\r\n\t\t\tDisc Jockey (con seguro Y licencia) \r\n\t\t<div class='et_slidecontent'>\r\n\t\t\t\r\n\t\t<\/div>*Assitente \r\n\t\t<div class='et_slidecontent'>\r\n\t\t\t\r\n\t\t<\/div>Planificacion y asistencia personalizada \r\n\t\t<div class='et_slidecontent'>\r\n\t\t\t\r\n\t\t<\/div>4 horas de entretenimiento corrido \r\n\t\t<div class='et_slidecontent'>\r\n\t\t\t\r\n\t\t<\/div>Lo ultimo en la technologia audiovisual\r\n\t\t<div class='et_slidecontent'>\r\n\t\t\t\r\n\t\t<\/div> *Cabina de DJ radiante con luces L.E.D (usted escoje el color)\r\n\t\t<div class='et_slidecontent'>\r\n\t\t\t\r\n\t\t<\/div>Magico espectaculo de luces inteligentes con effecto completo\r\n\t\t<div class='et_slidecontent'>\r\n\t\t\t\r\n\t\t<\/div>Sistema de torre de iluminacion Y cargo de luz\r\n\t\t<\/div>\n\r\n\t\t<\/div> <!-- .et_pb_tab --><div class=\"et_pb_tab clearfix\">\r\n\t\t\t\n\r\n\t\t<div class='et_slidecontent'>\r\n\t\t\tDisc Jockey (con seguro Y licencia) \r\n\t\t<div class='et_slidecontent'>\r\n\t\t\t\r\n\t\t<\/div>*Maestro de Ceremonia \r\n\t\t<div class='et_slidecontent'>\r\n\t\t\t\r\n\t\t<\/div>Planificacion y asistencia personalizada \r\n\t\t<div class='et_slidecontent'>\r\n\t\t\t\r\n\t\t<\/div>*5 horas de entretenimiento corrido incluyendo hora de coctel \r\n\t\t<div class='et_slidecontent'>\r\n\t\t\t\r\n\t\t<\/div>Lo ultimo en la technologia audiovisual\r\n\t\t<div class='et_slidecontent'>\r\n\t\t\t\r\n\t\t<\/div> Cabina de DJ radiante con luces L.E.D (usted escoje el color)\r\n\t\t<div class='et_slidecontent'>\r\n\t\t\t\r\n\t\t<\/div>Magico espectaculo de luces inteligentes con effecto completo\r\n\t\t<div class='et_slidecontent'>\r\n\t\t\t\r\n\t\t<\/div>Sistema de torre de iluminacion Y cargo de luz\r\n\t\t<div class='et_slidecontent'>\r\n\t\t\t\r\n\t\t<\/div>Bajo de calidad superior para un sonido optimo \r\n\t\t<div class='et_slidecontent'>\r\n\t\t\t\r\n\t\t<\/div>*Asombroso espectaculo de luces lacer L.E.D. \r\n\t\t<div class='et_slidecontent'>\r\n\t\t\t\r\n\t\t<\/div>Luces de enfoque para bailes (Incluye maquina de humo)\r\n\t\t<div class='et_slidecontent'>\r\n\t\t\t\r\n\t\t<\/div>Fotos casuales del evento (En un CD)\r\n\t\t<\/div>\n\r\n\t\t<\/div> <!-- .et_pb_tab --><div class=\"et_pb_tab clearfix\">\r\n\t\t\t\n\r\n\t\t<div class='et_slidecontent'>\r\n\t\t\tDisc Jockey (con seguro Y licencia) \r\n\t\t<div class='et_slidecontent'>\r\n\t\t\t\r\n\t\t<\/div>Maestro de Ceremonia\r\n\t\t<div class='et_slidecontent'>\r\n\t\t\t\r\n\t\t<\/div>Planificacion y asistencia personalizada \r\n\t\t<div class='et_slidecontent'>\r\n\t\t\t\r\n\t\t<\/div>5 horas de entretenimiento corrido incluyendo hora de coctel \r\n\t\t<div class='et_slidecontent'>\r\n\t\t\t\r\n\t\t<\/div>Lo ultimo en la technologia audiovisual\r\n\t\t<div class='et_slidecontent'>\r\n\t\t\t\r\n\t\t<\/div> Cabina de DJ radiante con luces L.E.D (usted escoje el color)\r\n\t\t<div class='et_slidecontent'>\r\n\t\t\t\r\n\t\t<\/div>Magico espectaculo de luces inteligentes con effecto completo\r\n\t\t<div class='et_slidecontent'>\r\n\t\t\t\r\n\t\t<\/div>Sistema de torre de iluminacion Y cargo de luz\r\n\t\t<div class='et_slidecontent'>\r\n\t\t\t\r\n\t\t<\/div>Bajo de calidad superior para un sonido optimo \r\n\t\t<div class='et_slidecontent'>\r\n\t\t\t\r\n\t\t<\/div>Asombroso espectaculo de luces lacer L.E.D. \r\n\t\t<div class='et_slidecontent'>\r\n\t\t\t\r\n\t\t<\/div>Luces de enfoque para bailes (Incluye maquina de humo)\r\n\t\t<div class='et_slidecontent'>\r\n\t\t\t\r\n\t\t<\/div>Fotos casuales del evento (En un CD)\r\n\t\t<div class='et_slidecontent'>\r\n\t\t\t\r\n\t\t<\/div>Television HD de 42 or 50&#8221; en torre de luz global\r\n\t\t<div class='et_slidecontent'>\r\n\t\t\t\r\n\t\t<\/div>Proyeccion al instante de imagenes del evento\r\n\t\t<div class='et_slidecontent'>\r\n\t\t\t\r\n\t\t<\/div>Aluminacion del salon con luces L.E.D (usted escoje el color)\r\n\t\t<\/div>\n\r\n\t\t<\/div> <!-- .et_pb_tab --><div class=\"et_pb_tab clearfix\">\r\n\t\t\t\n\r\n\t\t<div class='et_slidecontent'>\r\n\t\t\tDisc Jockey (con seguro Y licencia) \r\n\t\t<div class='et_slidecontent'>\r\n\t\t\t\r\n\t\t<\/div>Maestro de Ceremonia \r\n\t\t<div class='et_slidecontent'>\r\n\t\t\t\r\n\t\t<\/div>Planificacion y asistencia personalizada \r\n\t\t<div class='et_slidecontent'>\r\n\t\t\t\r\n\t\t<\/div>5 horas de entretenimiento corrido incluyendo hora de coctel \r\n\t\t<div class='et_slidecontent'>\r\n\t\t\t\r\n\t\t<\/div>Lo ultimo en la technologia audiovisual\r\n\t\t<div class='et_slidecontent'>\r\n\t\t\t\r\n\t\t<\/div> Cabina de DJ radiante con luces L.E.D (usted escoje el color)\r\n\t\t<div class='et_slidecontent'>\r\n\t\t\t\r\n\t\t<\/div>Magico espectaculo de luces inteligentes con effecto completo\r\n\t\t<div class='et_slidecontent'>\r\n\t\t\t\r\n\t\t<\/div>Sistema de torre de iluminacion Y cargo de luz\r\n\t\t<div class='et_slidecontent'>\r\n\t\t\t\r\n\t\t<\/div>Bajo de calidad superior para un sonido optimo \r\n\t\t<div class='et_slidecontent'>\r\n\t\t\t\r\n\t\t<\/div>Asombroso espectaculo de luces lacer L.E.D. \r\n\t\t<div class='et_slidecontent'>\r\n\t\t\t\r\n\t\t<\/div>Luces de enfoque para bailes (Incluye maquina de humo)\r\n\t\t<div class='et_slidecontent'>\r\n\t\t\t\r\n\t\t<\/div>Fotos casuales del evento (En un CD)\r\n\t\t<div class='et_slidecontent'>\r\n\t\t\t\r\n\t\t<\/div>Proyeccion al instante de imagenes del evento\r\n\t\t<div class='et_slidecontent'>\r\n\t\t\t\r\n\t\t<\/div>Aluminacion del salon con luces L.E.D (usted escoje el color)\r\n\t\t<div class='et_slidecontent'>\r\n\t\t\t\r\n\t\t<\/div>Bailarines para dirigir e entretener a los invitados\r\n\t\t<div class='et_slidecontent'>\r\n\t\t\t\r\n\t\t<\/div>Produccion de montaje fotografico\r\n\t\t<div class='et_slidecontent'>\r\n\t\t\t\r\n\t\t<\/div>2 Televisiones HD de 42 or 50&#8221; en torres de luz global\r\n\t\t<div class='et_slidecontent'>\r\n\t\t\t\r\n\t\t<\/div>Transmision de videos de musica Y fondo\r\n\t\t<div class='et_slidecontent'>\r\n\t\t\t\r\n\t\t<\/div>Proyeccion de monograma personal\r\n\t\t<div class='et_slidecontent'>\r\n\t\t\t\r\n\t\t<\/div>Transmision de invitados y pista de baile en vivo\r\n\t\t<\/div>\n\r\n\t\t<\/div> <!-- .et_pb_tab -->\r\n\t\t\t<\/div> <!-- .et_pb_all_tabs -->\r\n\t\t<\/div> <!-- .et_pb_tabs --><div class=\"et_pb_text et_pb_bg_layout_light et_pb_text_align_left\">\r\n\t\t\t\n<h2 style=\"text-align: center;\">A La Carta:<\/h2>\n<p><strong>Sistema de sonido adicionales:<\/strong><\/p>\n<p style=\"text-align: left;\">Disfrute de un ambiente relajado durante la hora del c\u00f3ctel o mientras llegan los invitados a la ceremonia.<\/p>\n<p><strong>Luces de efectos inteligentes:<\/strong><\/p>\n<p style=\"text-align: left;\">Nuestras luces inteligentes producen un amplio efecto de iluminaci\u00f3n que se pueden controlar y personalizar de acuerdo a su tema de fiesta. Los colores pueden coincidir con su tema dandole vida y el ambiente que usted busca. Tenemos una amplia selecci\u00f3n de luces de l\u00e1ser, proyectores (para vailes), luces negras, cabezas m\u00f3viles, scanners y mucho m\u00e1s. Llame y p\u00f3ngase en contacto con nosotros para m\u00e1s detalles.<\/p>\n<p style=\"text-align: left;\"><strong>Iluminaci\u00f3n de cuarto:<\/strong><\/p>\n<p>Nuestras luces de iluminacion decoran cualquier lugar y enmascaran las paredes con colores y convierten una habitaci\u00f3n normal <img loading=\"lazy\" decoding=\"async\" class=\"ngg-singlepic ngg-none alignright\" src=\"http:\/\/www.mosdj.net\/djlatino\/wp-content\/gallery\/micelanios\/red-uplighting-mosdj.jpg\" alt=\"red-uplighting-mosdj\" width=\"194\" height=\"225\" \/>en un ambiente animado. Usted puede elegir desde un ambiente rom\u00e1ntico (lavanda, rojo, rosa ..) a un ambiente vibrante (azul, verde, blanco, morado ..).<\/p>\n<p><strong>Pantallas de Video:<\/strong><\/p>\n<p>Si usted est\u00e1 celebrando un evento especial o una boda, una pantalla de v\u00eddeo le personalizara su evento, entretenera a sus invitados y creara un tono de lujo. Podemos mostrar su compromiso o crear un montaje de foto instantaneo y mostrarlo en nuestras televisiones HD de 42 o 50 pulgadas. Tambien podemos mostrar videos musicales para Quinceaners o cualquier otra aplicacion.<\/p>\n<p><strong>Transmisi\u00f3n en vivo y directo:<\/strong><\/p>\n<p>Proyecte la imagen de la entrada principal, pista de baile, o alguien especial que no pudo llegar al evento, en nuestra pantallas de alta definici\u00f3n.<\/p>\n<p><strong>Montaje de foto:<\/strong><\/p>\n<p>Podemos elaborar una presentaci\u00f3n personalizada de sus fotos y videos, junto a su canci\u00f3n favorita, y componer un magn\u00edfico montaje. El montaje es de usted.<\/p>\n<p><strong>Zap Foto:<\/strong><\/p>\n<p>Zap fotos son fotos tomadas durante el evento. Usted puede optar por mostrarlas en nuetros televisores de alta definici\u00f3n durante el evento o como una gran final. DVD es de usted para siempre. Gratis si reserva pantalla de v\u00eddeo.<\/p>\n<p><strong>Giveaways:<\/strong><\/p>\n<p>Nuestros collares de brillo, sombreros, collares, palos luminosos, lentes de sol y maracas a\u00f1adir\u00e1n toneladas de diversi\u00f3n para sus invitados.<\/p>\n<p><strong>Banda en vivo \/ Instrumentos:<\/strong><\/p>\n<p>No hay nada como una banda que interactue con un DJ para entretener a sus invitados. Tenemos una gran variedad de espect\u00e1culos vivo y en directo de temas instrumentales, percusionistas, Jazz, Caribe, bandas de 50&#8217;s-90 y m\u00e1s. Cubrimos todo tipo de eventos.<\/p>\n\r\n\t\t<\/div> <!-- .et_pb_text -->\r\n\t\t<\/div> <!-- .et_pb_column -->\r\n\t\t<\/div> <!-- .et_pb_row -->\r\n\t\t\t\r\n\t\t<\/div> <!-- .et_pb_section -->\n","protected":false},"excerpt":{"rendered":"","protected":false},"author":1,"featured_media":0,"parent":0,"menu_order":0,"comment_status":"open","ping_status":"open","template":"","meta":{"ngg_post_thumbnail":0,"jetpack_post_was_ever_published":false,"footnotes":""},"class_list":["post-4","page","type-page","status-publish","hentry"],"jetpack_shortlink":"https:\/\/wp.me\/P2f6bT-4","jetpack_sharing_enabled":true,"_links":{"self":[{"href":"https:\/\/www.mosdj.net\/djlatino\/wp-json\/wp\/v2\/pages\/4","targetHints":{"allow":["GET"]}}],"collection":[{"href":"https:\/\/www.mosdj.net\/djlatino\/wp-json\/wp\/v2\/pages"}],"about":[{"href":"https:\/\/www.mosdj.net\/djlatino\/wp-json\/wp\/v2\/types\/page"}],"author":[{"embeddable":true,"href":"https:\/\/www.mosdj.net\/djlatino\/wp-json\/wp\/v2\/users\/1"}],"replies":[{"embeddable":true,"href":"https:\/\/www.mosdj.net\/djlatino\/wp-json\/wp\/v2\/comments?post=4"}],"version-history":[{"count":28,"href":"https:\/\/www.mosdj.net\/djlatino\/wp-json\/wp\/v2\/pages\/4\/revisions"}],"predecessor-version":[{"id":349,"href":"https:\/\/www.mosdj.net\/djlatino\/wp-json\/wp\/v2\/pages\/4\/revisions\/349"}],"wp:attachment":[{"href":"https:\/\/www.mosdj.net\/djlatino\/wp-json\/wp\/v2\/media?parent=4"}],"curies":[{"name":"wp","href":"https:\/\/api.w.org\/{rel}","templated":true}]}}